{"id":1455,"date":"2021-08-20T15:21:48","date_gmt":"2021-08-20T15:21:48","guid":{"rendered":"https:\/\/izurdea.com\/?page_id=1455"},"modified":"2021-08-20T15:21:48","modified_gmt":"2021-08-20T15:21:48","slug":"base-de-conocimiento","status":"publish","type":"page","link":"https:\/\/izurdea.com\/?page_id=1455","title":{"rendered":"Base de conocimiento"},"content":{"rendered":"\r\n\t\t<div id=\"epkb-main-page-container\" role=\"main\" aria-labelledby=\"Knowledge Base\" class=\"epkb-css-full-reset epkb-basic-template eckb_mp_active_theme_neve\">\r\n\t\t\t<div class=\"epkb-full\">  \r\n\t\t<div class=\"epkb-doc-search-container \"  style=\"background-color: #f7941d; padding-top: 20px; padding-right: 0px; padding-bottom: 20px; padding-left: 0px; margin-top: 0px; margin-bottom: 40px;\"  >\r\n\r\n\t\t\t<div class=\"epkb-doc-search-container__title\"  style=\"color: #FFFFFF; font-size:36px;;\" > \u00bfEn qu\u00e9 podemos ayudarte?<\/div>\r\n\t\t\t<form id=\"epkb_search_form\"  style=\"width: 40%;\"  class=\"epkb-search epkb-search-form-1\" method=\"get\" action=\"\">\r\n\r\n\t\t\t\t<div class=\"epkb-search-box\">\r\n\t\t\t\t\t<input type=\"text\"  style=\"border-width: 1px; border-color: #CCCCCC; background-color: #FFFFFF; background: #FFFFFF;\"  id=\"epkb_search_terms\" aria-label=\"Buscar la documentaci\u00f3n...\" name=\"epkb_search_terms\" value=\"\" placeholder=\"Buscar la documentaci\u00f3n...\" \/>\r\n\t\t\t\t\t<input type=\"hidden\" id=\"epkb_kb_id\" value=\"1\"\/>\r\n\t\t\t\t\t<div class=\"epkb-search-box_button-wrap\">\r\n\t\t\t\t\t\t<button type=\"submit\" id=\"epkb-search-kb\"  style=\"background-color: #40474f; background: #40474f; border-color: #F1F1F1;\" >Buscar <\/button>\r\n\t\t\t\t\t<\/div>\r\n\t\t\t\t\t<div class=\"loading-spinner\"><\/div>\r\n\t\t\t\t<\/div>\r\n\t\t\t\t<div id=\"epkb_search_results\"><\/div>\r\n\r\n\t\t\t<\/form>\r\n\r\n\t\t<\/div>  \t\t\t\t<div id=\"epkb-content-container\"  style=\"background-color: #FFFFFF;\"  >\r\n\r\n\t\t\t\t\t<!--  Main Page Content -->\r\n\t\t\t\t\t<div class=\"epkb-section-container\">\t\r\n\t\t<div class=\"three-col eckb-categories-list\">   \r\n\t\t\t\t<!-- Section Container ( Category Box ) -->\r\n\t\t\t\t<section id=\"epkb_cat_1\" class=\"no_shadow epkb-top-category-box\"  style=\"border-radius: 4px; border-width: 0px; border-color: #F7F7F7; background-color: #FFFFFF; border-style: solid;\"  >\r\n\r\n\t\t\t\t\t<!-- Section Head -->\r\n\t\t\t\t\t<div class=\"section-head section_divider\"  style=\"border-bottom-width: 5px; background-color: #FFFFFF; border-top-left-radius: 4px; border-top-right-radius: 4px; border-bottom-color: #edf2f6; padding-top: 20px; padding-bottom: 20px; padding-left: 4px; padding-right: 4px;\"  >\r\n\r\n\t\t\t\t\t\t<!-- Category Name + Icon -->\r\n\t\t\t\t\t\t<div class=\"epkb-category-level-1 epkb-category--left-cat-icon\"   style=\"color: #40474f; text-align: start; justify-content: flex-start;\"  >\r\n\r\n\t\t\t\t\t\t\t<!-- Icon Top \/ Left -->\t                            \t\t\t\t\t\t\t\t\t<span class=\"epkb-cat-icon epkbfa epkbfa-user\" data-kb-category-icon=\"epkbfa-user\"  style=\"color: #191cd3; font-size: 21px;\" ><\/span>\t\t\t\t\t\t\t\t\t<h2 class=\"epkb-cat-name\"  style=\"color: #40474f; font-size:21px;;\" >Comenzar<\/h2>\t\t\t\t\t\t\t\r\n\t\t\t\t\t\t\t<!-- Icon Right -->     \r\n\t\t\t\t\t\t<\/div>\r\n\r\n\t\t\t\t\t\t<!-- Category Description -->\t\t\t\t\t\t\t\t\t\t\t<\/div>\r\n\r\n\t\t\t\t\t<!-- Section Body -->\r\n\t\t\t\t\t<div class=\"epkb-section-body\"  style=\"border-bottom-width: 0px; padding-top: 4px; padding-bottom: 4px; padding-left: 10px; padding-right: 10px; min-height: 200px;\"  >\t\t\t\t\t\t\r\n\t\t<ul class=\"epkb-main-category epkb-articles\" > \t\t\t\t<li class=\"epkb-article-level-1 \"   style=\"padding-bottom: 8px; padding-top: 8px;\"  >   \r\n\t\t<a href=\"https:\/\/izurdea.com\/?epkb_post_type_1=guia-de-inicio-rapido\" class=\"epkb-mp-article\" data-kb-article-id=1456>\r\n\t\t\t<span class=\"epkb-article-title article_active_bold\"  style=\"color: #459fed;\"  >\r\n\t\t\t\t<span class=\"eckb-article-title__icon ep_font_icon_document\"  style=\"color: #b3b3b3;\" ><\/span>\r\n\t\t\t\t<span class=\"eckb-article-title__text\">Gu\u00eda de inicio r\u00e1pido<\/span>\r\n\t\t\t<\/span>\r\n\t\t<\/a> \t\t\t\t<\/li> \t\t\t\t<li class=\"epkb-article-level-1 \"   style=\"padding-bottom: 8px; padding-top: 8px;\"  >   \r\n\t\t<a href=\"https:\/\/izurdea.com\/?epkb_post_type_1=informacion-adicional\" class=\"epkb-mp-article\" data-kb-article-id=1458>\r\n\t\t\t<span class=\"epkb-article-title article_active_bold\"  style=\"color: #459fed;\"  >\r\n\t\t\t\t<span class=\"eckb-article-title__icon ep_font_icon_document\"  style=\"color: #b3b3b3;\" ><\/span>\r\n\t\t\t\t<span class=\"eckb-article-title__text\">Informaci\u00f3n adicional<\/span>\r\n\t\t\t<\/span>\r\n\t\t<\/a> \t\t\t\t<\/li> \t\t\t\t<li class=\"epkb-article-level-1 \"   style=\"padding-bottom: 8px; padding-top: 8px;\"  >   \r\n\t\t<a href=\"https:\/\/izurdea.com\/?epkb_post_type_1=tus-siguientes-pasos\" class=\"epkb-mp-article\" data-kb-article-id=1457>\r\n\t\t\t<span class=\"epkb-article-title article_active_bold\"  style=\"color: #459fed;\"  >\r\n\t\t\t\t<span class=\"eckb-article-title__icon ep_font_icon_document\"  style=\"color: #b3b3b3;\" ><\/span>\r\n\t\t\t\t<span class=\"eckb-article-title__text\">Tus siguientes pasos<\/span>\r\n\t\t\t<\/span>\r\n\t\t<\/a> \t\t\t\t<\/li> \r\n\t\t<\/ul> \r\n\t\t<ul class=\"epkb-sub-category eckb-sub-category-ordering\"> \r\n\t\t\t\t<li  style=\"padding-bottom: 8px; padding-top: 8px;\" >\r\n\t\t\t\t\t<div class=\"epkb-category-level-2-3\" aria-expanded=\"false\" >\r\n\t\t\t\t\t\t<span class=\"ep_font_icon_arrow_carrot_right epkb-category-level-2-3__cat-icon\"  style=\"color: #f7941d;\" \t><\/span>\r\n\t\t\t\t\t\t<h3 class=\"epkb-category-level-2-3__cat-name\" tabindex=\"0\"  style=\"color: #40474f;\"  >Vista general<\/h3>\r\n\t\t\t\t\t<\/div>    \r\n\t\t<ul class=\"epkb-articles\"  style=\"padding-left: 10px;\" > \t\t\t\t<li class=\"epkb-article-level-2 \"   style=\"padding-bottom: 8px; padding-top: 8px;\"  >   \r\n\t\t<a href=\"https:\/\/izurdea.com\/?epkb_post_type_1=jerarquia-de-las-categorias-y-diseno-de-pestanas\" class=\"epkb-mp-article\" data-kb-article-id=1459>\r\n\t\t\t<span class=\"epkb-article-title article_active_bold\"  style=\"color: #459fed;\"  >\r\n\t\t\t\t<span class=\"eckb-article-title__icon ep_font_icon_document\"  style=\"color: #b3b3b3;\" ><\/span>\r\n\t\t\t\t<span class=\"eckb-article-title__text\">Jerarqu\u00eda de las categor\u00edas y dise\u00f1o de pesta\u00f1as<\/span>\r\n\t\t\t<\/span>\r\n\t\t<\/a> \t\t\t\t<\/li> \r\n\t\t<\/ul> \t\t\t\t<\/li>  \r\n\t\t<\/ul> \r\n\t\t\t\t\t<\/div><!-- Section Body End -->\r\n\r\n\t\t\t\t<\/section><!-- Section End -->  \r\n\t\t\t\t<!-- Section Container ( Category Box ) -->\r\n\t\t\t\t<section id=\"epkb_cat_2\" class=\"no_shadow epkb-top-category-box\"  style=\"border-radius: 4px; border-width: 0px; border-color: #F7F7F7; background-color: #FFFFFF; border-style: solid;\"  >\r\n\r\n\t\t\t\t\t<!-- Section Head -->\r\n\t\t\t\t\t<div class=\"section-head section_divider\"  style=\"border-bottom-width: 5px; background-color: #FFFFFF; border-top-left-radius: 4px; border-top-right-radius: 4px; border-bottom-color: #edf2f6; padding-top: 20px; padding-bottom: 20px; padding-left: 4px; padding-right: 4px;\"  >\r\n\r\n\t\t\t\t\t\t<!-- Category Name + Icon -->\r\n\t\t\t\t\t\t<div class=\"epkb-category-level-1 epkb-category--left-cat-icon\"   style=\"color: #40474f; text-align: start; justify-content: flex-start;\"  >\r\n\r\n\t\t\t\t\t\t\t<!-- Icon Top \/ Left -->\t                            \t\t\t\t\t\t\t\t\t<span class=\"epkb-cat-icon epkbfa epkbfa-pencil\" data-kb-category-icon=\"epkbfa-pencil\"  style=\"color: #191cd3; font-size: 21px;\" ><\/span>\t\t\t\t\t\t\t\t\t<h2 class=\"epkb-cat-name\"  style=\"color: #40474f; font-size:21px;;\" >FAQ<\/h2>\t\t\t\t\t\t\t\r\n\t\t\t\t\t\t\t<!-- Icon Right -->     \r\n\t\t\t\t\t\t<\/div>\r\n\r\n\t\t\t\t\t\t<!-- Category Description -->\t\t\t\t\t\t\t\t\t\t\t<\/div>\r\n\r\n\t\t\t\t\t<!-- Section Body -->\r\n\t\t\t\t\t<div class=\"epkb-section-body\"  style=\"border-bottom-width: 0px; padding-top: 4px; padding-bottom: 4px; padding-left: 10px; padding-right: 10px; min-height: 200px;\"  >\t\t\t\t\t\t\r\n\t\t<ul class=\"epkb-main-category epkb-articles\" > \t\t\t\t<li class=\"epkb-article-level-1 \"   style=\"padding-bottom: 8px; padding-top: 8px;\"  >   \r\n\t\t<a href=\"https:\/\/izurdea.com\/?epkb_post_type_1=informacion-sobre-complementos-de-la-bc\" class=\"epkb-mp-article\" data-kb-article-id=1460>\r\n\t\t\t<span class=\"epkb-article-title article_active_bold\"  style=\"color: #459fed;\"  >\r\n\t\t\t\t<span class=\"eckb-article-title__icon ep_font_icon_document\"  style=\"color: #b3b3b3;\" ><\/span>\r\n\t\t\t\t<span class=\"eckb-article-title__text\">Informaci\u00f3n sobre complementos de la BC<\/span>\r\n\t\t\t<\/span>\r\n\t\t<\/a> \t\t\t\t<\/li> \r\n\t\t<\/ul> \r\n\t\t\t\t\t<\/div><!-- Section Body End -->\r\n\r\n\t\t\t\t<\/section><!-- Section End -->  \r\n\t\t\t\t<!-- Section Container ( Category Box ) -->\r\n\t\t\t\t<section id=\"epkb_cat_3\" class=\"no_shadow epkb-top-category-box\"  style=\"border-radius: 4px; border-width: 0px; border-color: #F7F7F7; background-color: #FFFFFF; border-style: solid;\"  >\r\n\r\n\t\t\t\t\t<!-- Section Head -->\r\n\t\t\t\t\t<div class=\"section-head section_divider\"  style=\"border-bottom-width: 5px; background-color: #FFFFFF; border-top-left-radius: 4px; border-top-right-radius: 4px; border-bottom-color: #edf2f6; padding-top: 20px; padding-bottom: 20px; padding-left: 4px; padding-right: 4px;\"  >\r\n\r\n\t\t\t\t\t\t<!-- Category Name + Icon -->\r\n\t\t\t\t\t\t<div class=\"epkb-category-level-1 epkb-category--left-cat-icon\"   style=\"color: #40474f; text-align: start; justify-content: flex-start;\"  >\r\n\r\n\t\t\t\t\t\t\t<!-- Icon Top \/ Left -->\t                            \t\t\t\t\t\t\t\t\t<span class=\"epkb-cat-icon epkbfa epkbfa-sitemap\" data-kb-category-icon=\"epkbfa-sitemap\"  style=\"color: #191cd3; font-size: 21px;\" ><\/span>\t\t\t\t\t\t\t\t\t<h2 class=\"epkb-cat-name\"  style=\"color: #40474f; font-size:21px;;\" >Otro<\/h2>\t\t\t\t\t\t\t\r\n\t\t\t\t\t\t\t<!-- Icon Right -->     \r\n\t\t\t\t\t\t<\/div>\r\n\r\n\t\t\t\t\t\t<!-- Category Description -->\t\t\t\t\t\t\t\t\t\t\t<\/div>\r\n\r\n\t\t\t\t\t<!-- Section Body -->\r\n\t\t\t\t\t<div class=\"epkb-section-body\"  style=\"border-bottom-width: 0px; padding-top: 4px; padding-bottom: 4px; padding-left: 10px; padding-right: 10px; min-height: 200px;\"  >\t\t\t\t\t\t\r\n\t\t<ul class=\"epkb-main-category epkb-articles\" > \t\t\t\t<li class=\"epkb-article-level-1 \"   style=\"padding-bottom: 8px; padding-top: 8px;\"  >   \r\n\t\t<a href=\"https:\/\/izurdea.com\/?epkb_post_type_1=otros-recursos\" class=\"epkb-mp-article\" data-kb-article-id=1461>\r\n\t\t\t<span class=\"epkb-article-title article_active_bold\"  style=\"color: #459fed;\"  >\r\n\t\t\t\t<span class=\"eckb-article-title__icon ep_font_icon_document\"  style=\"color: #b3b3b3;\" ><\/span>\r\n\t\t\t\t<span class=\"eckb-article-title__text\">Otros recursos<\/span>\r\n\t\t\t<\/span>\r\n\t\t<\/a> \t\t\t\t<\/li> \r\n\t\t<\/ul> \r\n\t\t\t\t\t<\/div><!-- Section Body End -->\r\n\r\n\t\t\t\t<\/section><!-- Section End -->  \r\n\t\t<\/div>       \t\t\t\t\t<\/div>\r\n\r\n\t\t\t\t<\/div>\r\n\t\t\t<\/div>\r\n\t\t<\/div>   \n","protected":false},"excerpt":{"rendered":"","protected":false},"author":1,"featured_media":0,"parent":0,"menu_order":0,"comment_status":"closed","ping_status":"closed","template":"","meta":{"neve_meta_sidebar":"","neve_meta_container":"","neve_meta_enable_content_width":"","neve_meta_content_width":0,"neve_meta_title_alignment":"","neve_meta_author_avatar":"","neve_post_elements_order":"","neve_meta_disable_header":"","neve_meta_disable_footer":"","neve_meta_disable_title":""},"_links":{"self":[{"href":"https:\/\/izurdea.com\/index.php?rest_route=\/wp\/v2\/pages\/1455"}],"collection":[{"href":"https:\/\/izurdea.com\/index.php?rest_route=\/wp\/v2\/pages"}],"about":[{"href":"https:\/\/izurdea.com\/index.php?rest_route=\/wp\/v2\/types\/page"}],"author":[{"embeddable":true,"href":"https:\/\/izurdea.com\/index.php?rest_route=\/wp\/v2\/users\/1"}],"replies":[{"embeddable":true,"href":"https:\/\/izurdea.com\/index.php?rest_route=%2Fwp%2Fv2%2Fcomments&post=1455"}],"version-history":[{"count":1,"href":"https:\/\/izurdea.com\/index.php?rest_route=\/wp\/v2\/pages\/1455\/revisions"}],"predecessor-version":[{"id":1462,"href":"https:\/\/izurdea.com\/index.php?rest_route=\/wp\/v2\/pages\/1455\/revisions\/1462"}],"wp:attachment":[{"href":"https:\/\/izurdea.com\/index.php?rest_route=%2Fwp%2Fv2%2Fmedia&parent=1455"}],"curies":[{"name":"wp","href":"https:\/\/api.w.org\/{rel}","templated":true}]}}